{"id":98,"date":"2020-04-02T18:15:17","date_gmt":"2020-04-02T16:15:17","guid":{"rendered":"http:\/\/josemiguelgaona.com\/?page_id=98"},"modified":"2020-04-05T14:07:10","modified_gmt":"2020-04-05T12:07:10","slug":"covid-19","status":"publish","type":"page","link":"https:\/\/josemiguelgaona.com\/index.php\/covid-19\/","title":{"rendered":"COVID-19"},"content":{"rendered":"\n<p>Gu\u00eda &#8220;Chinese Guideline of Diagnosis and treatment of COVID-19&#8221;. Ingl\u00e9s. (Versi\u00f3n 7.0) <strong><a href=\"https:\/\/www.google.com\/url?sa=t&amp;rct=j&amp;q=&amp;esrc=s&amp;source=web&amp;cd=2&amp;ved=2ahUKEwiSub7OntHoAhVy8uAKHWO7B2QQFjABegQIBxAB&amp;url=https%3A%2F%2Fwww.sforl.org%2Fwp-content%2Fuploads%2F2020%2F03%2FWUHAN-Experience.pdf&amp;usg=AOvVaw0R2ZXMPJSDknSivK6YuaWI\">Enlace descarga<\/a><\/strong> (3.20)<\/p>\n\n\n\n<p>MASCARILLAS &#8220;H\u00e1gala usted mismo&#8221; CDC norteamericano. Castellano. <strong><a href=\"https:\/\/drive.google.com\/open?id=1giT1ytfhRpwgnHfgkHBMW53aRH_c9RXs\">Enlace descarga<\/a><\/strong> (4.20)<\/p>\n\n\n\n<p>VIDEO Soporte visera para impresoras 3D. Autor Francisco Colinas (https:\/\/twitter.com\/franciscocolina). Castellano. <strong><a rel=\"noreferrer noopener\" href=\"https:\/\/www.youtube.com\/watch?v=LnWlLQzoU70\" target=\"_blank\">Enlace descarga<\/a><\/strong> (3.20)<\/p>\n","protected":false},"excerpt":{"rendered":"<p>Gu\u00eda &#8220;Chinese Guideline of Diagnosis and treatment of COVID-19&#8221;. Ingl\u00e9s. (Versi\u00f3n 7.0) Enlace descarga (3.20) MASCARILLAS &#8220;H\u00e1gala usted mismo&#8221; CDC norteamericano. Castellano. Enlace descarga (4.20) VIDEO Soporte visera para impresoras 3D. Autor Francisco Colinas (https:\/\/twitter.com\/franciscocolina). Castellano. Enlace descarga (3.20)<\/p>\n","protected":false},"author":1,"featured_media":0,"parent":0,"menu_order":0,"comment_status":"closed","ping_status":"closed","template":"","meta":{"footnotes":""},"class_list":["post-98","page","type-page","status-publish","hentry"],"_links":{"self":[{"href":"https:\/\/josemiguelgaona.com\/index.php\/wp-json\/wp\/v2\/pages\/98","targetHints":{"allow":["GET"]}}],"collection":[{"href":"https:\/\/josemiguelgaona.com\/index.php\/wp-json\/wp\/v2\/pages"}],"about":[{"href":"https:\/\/josemiguelgaona.com\/index.php\/wp-json\/wp\/v2\/types\/page"}],"author":[{"embeddable":true,"href":"https:\/\/josemiguelgaona.com\/index.php\/wp-json\/wp\/v2\/users\/1"}],"replies":[{"embeddable":true,"href":"https:\/\/josemiguelgaona.com\/index.php\/wp-json\/wp\/v2\/comments?post=98"}],"version-history":[{"count":11,"href":"https:\/\/josemiguelgaona.com\/index.php\/wp-json\/wp\/v2\/pages\/98\/revisions"}],"predecessor-version":[{"id":115,"href":"https:\/\/josemiguelgaona.com\/index.php\/wp-json\/wp\/v2\/pages\/98\/revisions\/115"}],"wp:attachment":[{"href":"https:\/\/josemiguelgaona.com\/index.php\/wp-json\/wp\/v2\/media?parent=98"}],"curies":[{"name":"wp","href":"https:\/\/api.w.org\/{rel}","templated":true}]}}