{"id":94,"date":"2020-02-11T10:21:29","date_gmt":"2020-02-11T09:21:29","guid":{"rendered":"http:\/\/josemiguelgaona.com\/?page_id=94"},"modified":"2022-04-23T14:08:43","modified_gmt":"2022-04-23T12:08:43","slug":"publicaciones-interesantes","status":"publish","type":"page","link":"https:\/\/josemiguelgaona.com\/index.php\/publicaciones-interesantes\/","title":{"rendered":"Publicaciones"},"content":{"rendered":"\n<p><\/p>\n\n\n\n<div class=\"wp-block-image\"><figure class=\"aligncenter size-full is-resized\"><img loading=\"lazy\" decoding=\"async\" src=\"http:\/\/josemiguelgaona.com\/wp-content\/uploads\/2022\/04\/fd-1.jpg\" alt=\"\" class=\"wp-image-311\" width=\"206\" height=\"308\" srcset=\"https:\/\/josemiguelgaona.com\/wp-content\/uploads\/2022\/04\/fd-1.jpg 333w, https:\/\/josemiguelgaona.com\/wp-content\/uploads\/2022\/04\/fd-1-200x300.jpg 200w\" sizes=\"auto, (max-width: 206px) 100vw, 206px\" \/><\/figure><\/div>\n\n\n\n<p><strong>&#8220;Furor Domini&#8221;<\/strong><\/p>\n\n\n\n<p>&#8220;En una \u00e9poca muy pr\u00f3xima, en la que Europa se ha desintegrado, la ONU est\u00e1 casi desaparecida, las votaciones electr\u00f3nicas son ama\u00f1adas y la muerte se puede evitar para las clases pudientes, fallece en Estambul y de manera totalmente imprevista, en plena calle, un hombre de veintitr\u00e9s a\u00f1os cubierto de manchas azules en todo el cuerpo. Poco a poco esa extra\u00f1a enfermedad, sin determinar ni conocer su origen real, va extendi\u00e9ndose por todo el mundo en forma de pandemia. Al mismo tiempo, la utilizaci\u00f3n de neuropr\u00f3tesis y otros ingenios t\u00e9cnicos potencian el placer pero parece, sin embargo, que la fragilidad de la vida hace que el amor y los sentimientos vuelvan a ser importantes entre los humanos. Los protagonistas van confluyendo, sin saberlo, desde la Isla de Pascua, Macao, California y Suecia, guiados por los designios invisibles que rigen nuestras vidas&#8221;.<\/p>\n\n\n\n<p>Publicado por Secret Media<\/p>\n\n\n\n<p>Se puede adquirir <strong><a href=\"https:\/\/www.amazon.es\/Furor-Domini-Miguel-Gaona-Cartolano\/dp\/8409272032\/ref=sr_1_1?crid=R54AV8947LBJ&amp;keywords=furor+domini&amp;qid=1650715432&amp;sprefix=furor%2Caps%2C102&amp;sr=8-1\">aqu\u00ed<\/a><\/strong><\/p>\n\n\n\n<div class=\"wp-block-image\"><figure class=\"aligncenter size-full\"><img loading=\"lazy\" decoding=\"async\" width=\"229\" height=\"340\" src=\"http:\/\/josemiguelgaona.com\/wp-content\/uploads\/2022\/04\/auto.jpg\" alt=\"\" class=\"wp-image-309\" srcset=\"https:\/\/josemiguelgaona.com\/wp-content\/uploads\/2022\/04\/auto.jpg 229w, https:\/\/josemiguelgaona.com\/wp-content\/uploads\/2022\/04\/auto-202x300.jpg 202w\" sizes=\"auto, (max-width: 229px) 100vw, 229px\" \/><\/figure><\/div>\n\n\n\n<p class=\"has-text-align-left\">&#8220;<strong>PODEROSA AUTOESTIMA. LOS SECRETOS DE LAS MUJERES QUE SE AMAN A S\u00cd MISMAS&#8221;<\/strong><\/p>\n\n\n\n<p>&#8220;Muchas mujeres sienten que, hagan lo que hagan, fracasan en sus actos, que nadie las quiere de verdad, que las menosprecian aunque ellas no merecen ese trato, que en numerosos aspectos dependen del hombre que tienen al lado\u2026 La costilla de Ad\u00e1n, en definitiva; primero \u00e9l, luego ella. Aprender a vivir sin este lastre que persigue a la mujer es un desaf\u00edo al que te ayuda este libro del reconocido psiquiatra Dr. Jos\u00e9 Miguel Gaona. Con \u00e9l entender\u00e1s que la autoestima es la mejor arma para empoderarnos y el cimiento de una vida plena. Que hay que esforzarse cada d\u00eda para mantener la confianza en nosotras mismas y as\u00ed poder lidiar con la sumisi\u00f3n en la pareja, la dependencia de los hijos, el malestar en el trabajo, la relaci\u00f3n con el propio cuerpo, el inevitable envejecimiento\u2026 Una \u00abdieta\u00bb de autoestima poderosa har\u00e1 que pienses de forma positiva, evites el perfeccionismo innecesario y puedas quererte a ti misma con independencia emocional.&#8221;<\/p>\n\n\n\n<p>Publicado por La Esfera de los libros. <\/p>\n\n\n\n<p>Se puede adquirir <a href=\"https:\/\/www.fnac.es\/a8648347\/Jose-Miguel-Gaona-Poderosa-autoestima\"><strong>aqu\u00ed<\/strong><\/a><\/p>\n\n\n\n<div class=\"wp-block-image\"><figure class=\"aligncenter size-medium is-resized\"><img loading=\"lazy\" decoding=\"async\" src=\"http:\/\/josemiguelgaona.com\/wp-content\/uploads\/2020\/11\/EL-194x300.jpg\" alt=\"\" class=\"wp-image-184\" width=\"194\" height=\"300\" srcset=\"https:\/\/josemiguelgaona.com\/wp-content\/uploads\/2020\/11\/EL-194x300.jpg 194w, https:\/\/josemiguelgaona.com\/wp-content\/uploads\/2020\/11\/EL.jpg 323w\" sizes=\"auto, (max-width: 194px) 100vw, 194px\" \/><\/figure><\/div>\n\n\n\n<p><strong>&#8220;El l\u00edmite&#8221;<\/strong><\/p>\n\n\n\n<p>&#8220;Tras el \u00e9xito de Al otro lado del t\u00fanel, el doctor Jos\u00e9 Miguel Gaona continu\u00f3 con las investigaciones sobre las experiencias cercanas a la muerte y el principal factor en ellas involucrado: la consciencia; sobre ese l\u00edmite que \u00abtodas las culturas, todas las razas, toda la humanidad siempre ha presentido que est\u00e1 y despu\u00e9s del cual hay una gran luz, a la que volvemos, seguramente, si lo merecemos\u00bb, en palabras de Iker Jim\u00e9nez. En estas p\u00e1ginas, y desde l\u00edneas de trabajo vanguardistas como la microtelequinesia, explica la influencia de la consciencia sobre el mundo at\u00f3mico y subat\u00f3mico, as\u00ed como argumentos que la ciencia ofrece en relaci\u00f3n a esos fen\u00f3menos que no pueden explicarse sin considerar la interacci\u00f3n entre el esp\u00edritu y la mente.&#8221;<br>Publicado por La Esfera de los libros. <\/p>\n\n\n\n<p>Se puede adquirir <a rel=\"noreferrer noopener\" href=\"https:\/\/www.amazon.es\/l%C3%ADmite-Bolsillo-Miguel-Gaona-Cartolano\/dp\/8490608814\/ref=sr_1_1?__mk_es_ES=%C3%85M%C3%85%C5%BD%C3%95%C3%91&amp;dchild=1&amp;keywords=el+limite&amp;qid=1604856038&amp;s=books&amp;sr=1-1\" target=\"_blank\"><strong>aqu\u00ed<\/strong><\/a><\/p>\n\n\n\n<div class=\"wp-block-image\"><figure class=\"aligncenter size-medium\"><img loading=\"lazy\" decoding=\"async\" width=\"193\" height=\"300\" src=\"http:\/\/josemiguelgaona.com\/wp-content\/uploads\/2020\/11\/AOLTUNEL-2-193x300.jpg\" alt=\"\" class=\"wp-image-202\" srcset=\"https:\/\/josemiguelgaona.com\/wp-content\/uploads\/2020\/11\/AOLTUNEL-2-193x300.jpg 193w, https:\/\/josemiguelgaona.com\/wp-content\/uploads\/2020\/11\/AOLTUNEL-2.jpg 329w\" sizes=\"auto, (max-width: 193px) 100vw, 193px\" \/><\/figure><\/div>\n\n\n\n<p><strong>&#8220;Al otro lado del t\u00fanel&#8221;<\/strong><\/p>\n\n\n\n<p>&#8220;\u00bfQu\u00e9 hay antes y despu\u00e9s de la muerte? \u00bfUna intensa luz nos muestra siempre el camino? \u00bfTodos atravesamos un largo t\u00fanel para volver a la vida? \u00bfQu\u00e9 vemos desde all\u00ed y qu\u00e9 sentimos? \u00bfCon qui\u00e9n nos encontramos? \u00bfTenemos un \u00e1ngel protector?Desde una aproximaci\u00f3n divulgativa pero de car\u00e1cter cient\u00edfico, el psiquiatra Jos\u00e9 Miguel Gaona nos explica en este libro en qu\u00e9 consisten las experiencias cercanas a la muerte. Con numerosos testimonios de personas creyentes y no creyentes que han sufrido el llamado \u00abefecto t\u00fanel\u00bb, analiza cu\u00e1les son los elementos que forman parte de este viaje de ida y vuelta: los sonidos de la muerte, la luz, los viajes astrales, las visitas de familiares anteriormente fallecidos\u2026&#8221;<\/p>\n\n\n\n<p>Publicado por La Esfera de los libros. <\/p>\n\n\n\n<p>Se puede adquirir <strong><a rel=\"noreferrer noopener\" href=\"https:\/\/www.amazon.es\/T%C3%BAnel-Camino-Umbral-Muerte-Bolsillo\/dp\/8490600279\/ref=sr_1_1?__mk_es_ES=%C3%85M%C3%85%C5%BD%C3%95%C3%91&amp;dchild=1&amp;keywords=al+otro+lado+del+tunel&amp;qid=1604856834&amp;sr=8-1\" data-type=\"URL\" data-id=\"https:\/\/www.amazon.es\/T%C3%BAnel-Camino-Umbral-Muerte-Bolsillo\/dp\/8490600279\/ref=sr_1_1?__mk_es_ES=%C3%85M%C3%85%C5%BD%C3%95%C3%91&amp;dchild=1&amp;keywords=al+otro+lado+del+tunel&amp;qid=1604856834&amp;sr=8-1\" target=\"_blank\">aqu\u00ed<\/a><\/strong> o en edici\u00f3n portuguesa <strong><a href=\"https:\/\/www.amazon.es\/t%C3%BAnel-viagem-volta-limiar-morte\/dp\/B00MYAQH92\/ref=sr_1_5?dchild=1&amp;qid=1604857444&amp;refinements=p_27%3AJos%C3%A9+Miguel+Gaona+Cartolano&amp;s=books&amp;sr=1-5\" data-type=\"URL\" data-id=\"https:\/\/www.amazon.es\/t%C3%BAnel-viagem-volta-limiar-morte\/dp\/B00MYAQH92\/ref=sr_1_5?dchild=1&amp;qid=1604857444&amp;refinements=p_27%3AJos%C3%A9+Miguel+Gaona+Cartolano&amp;s=books&amp;sr=1-5\" target=\"_blank\" rel=\"noreferrer noopener\">aqu\u00ed<\/a><\/strong><\/p>\n\n\n\n<p><\/p>\n\n\n\n<div class=\"wp-block-image\"><figure class=\"aligncenter size-medium\"><img loading=\"lazy\" decoding=\"async\" width=\"188\" height=\"300\" src=\"http:\/\/josemiguelgaona.com\/wp-content\/uploads\/2020\/11\/endor-188x300.jpg\" alt=\"\" class=\"wp-image-208\" srcset=\"https:\/\/josemiguelgaona.com\/wp-content\/uploads\/2020\/11\/endor-188x300.jpg 188w, https:\/\/josemiguelgaona.com\/wp-content\/uploads\/2020\/11\/endor.jpg 313w\" sizes=\"auto, (max-width: 188px) 100vw, 188px\" \/><\/figure><\/div>\n\n\n\n<p><strong>&#8220;Endorfinas: las hormonas de la felicidad&#8221;<\/strong><\/p>\n\n\n\n<p>&#8220;Las endorfinas son las drogas de la felicidad que el cuerpo segrega de forma natural. Nuestro estado de \u00e1nimo y nuestras emociones dependen en gran parte de estas hormonas del placer, que est\u00e1n ligadas a las experiencias m\u00e1s gratificantes. En este pr\u00e1ctico libro se ofrecen sencillas pautas para producir las endorfinas de manera consciente y, as\u00ed, lograr que inunden nuestro organismo haci\u00e9ndonos sentir mejor y m\u00e1s felices.&#8221;<\/p>\n\n\n\n<p>Publicado por La Esfera de los libros. <\/p>\n\n\n\n<p>Se puede adquirir <strong><a rel=\"noreferrer noopener\" href=\"https:\/\/www.amazon.es\/Endorfinas-Bolsillo-Miguel-Gaona-Cartolano\/dp\/8490609942\/ref=sr_1_3?dchild=1&amp;qid=1604857326&amp;refinements=p_27%3AJos%C3%A9+Miguel+Gaona&amp;s=books&amp;sr=1-3\" data-type=\"URL\" data-id=\"https:\/\/www.amazon.es\/Endorfinas-Bolsillo-Miguel-Gaona-Cartolano\/dp\/8490609942\/ref=sr_1_3?dchild=1&amp;qid=1604857326&amp;refinements=p_27%3AJos%C3%A9+Miguel+Gaona&amp;s=books&amp;sr=1-3\" target=\"_blank\">aqu\u00ed<\/a><\/strong><\/p>\n\n\n\n<p><\/p>\n\n\n\n<div class=\"wp-block-image\"><figure class=\"aligncenter size-medium\"><img loading=\"lazy\" decoding=\"async\" width=\"207\" height=\"300\" src=\"http:\/\/josemiguelgaona.com\/wp-content\/uploads\/2020\/11\/seradol-207x300.jpg\" alt=\"\" class=\"wp-image-210\" srcset=\"https:\/\/josemiguelgaona.com\/wp-content\/uploads\/2020\/11\/seradol-207x300.jpg 207w, https:\/\/josemiguelgaona.com\/wp-content\/uploads\/2020\/11\/seradol.jpg 345w\" sizes=\"auto, (max-width: 207px) 100vw, 207px\" \/><\/figure><\/div>\n\n\n\n<p>&#8220;<strong>Ser adolescente no es f\u00e1cil<\/strong>&#8220;<\/p>\n\n\n\n<p>Ser adolescente no es f\u00e1cil; ser padres de uno de ellos tampoco. Este libro quiere ser una gu\u00eda para conocer mejor el complejo mundo del ni\u00f1o que est\u00e1 dejando de serlo; una ayuda para tener algunas luces que marquen caminos y para que la vida de padres e hijos sea m\u00e1s agradable cuando las inquietudes de la adolescencia ha hecho acto de presencia en la familia. En sus p\u00e1ginas descubrir\u00e1 la mejor manera de afrontar los problemas y las situaciones m\u00e1s comunes:<br>&nbsp;<br>&nbsp; # C\u00f3mo explicar los cambios f\u00edsicos y la primera crisis sexual de su hijo.<br>&nbsp; # Cu\u00e1les son las enfermedades y los trastornos ps\u00edquicos m\u00e1s frecuentes.<br>&nbsp; # Qu\u00e9 hacer en los casos de alteraciones de la alimentaci\u00f3n, como la anorexia y la bulimia.<br>&nbsp; # C\u00f3mo afrontar los malos resultados escolares.<br>&nbsp; # C\u00f3mo descubrir si su hijo practica alguna conducta de riesgo: sexo sin protecci\u00f3n, alcohol, drogas&#8230;<br>&nbsp;<br>&nbsp; Los autores, m\u00e9dicos especialistas en pediatr\u00eda y psiquiatr\u00eda, han escrito un manual de sencilla lectura en el que aportan claves y pautas -acompa\u00f1adas de tablas, diagramas, gr\u00e1ficos y tests- para que cualquier padre preocupado sepa c\u00f3mo actuar ante las variopintas circunstancias que se pueden plantear con un adolescente en casa.<\/p>\n\n\n\n<p>Publicado por La Esfera de los libros. <\/p>\n\n\n\n<p>Se puede adquirir <strong><a rel=\"noreferrer noopener\" href=\"https:\/\/www.amazon.es\/Adolescente-Avellanosa-Callabed-Francisco-1905-06-28\/dp\/B00NTLWYSI\" data-type=\"URL\" data-id=\"https:\/\/www.amazon.es\/Adolescente-Avellanosa-Callabed-Francisco-1905-06-28\/dp\/B00NTLWYSI\" target=\"_blank\">aqu\u00ed<\/a><\/strong><\/p>\n\n\n\n<div class=\"wp-block-image\"><figure class=\"aligncenter size-medium\"><img loading=\"lazy\" decoding=\"async\" width=\"192\" height=\"300\" src=\"http:\/\/josemiguelgaona.com\/wp-content\/uploads\/2020\/11\/eva-192x300.jpg\" alt=\"\" class=\"wp-image-213\" srcset=\"https:\/\/josemiguelgaona.com\/wp-content\/uploads\/2020\/11\/eva-192x300.jpg 192w, https:\/\/josemiguelgaona.com\/wp-content\/uploads\/2020\/11\/eva.jpg 320w\" sizes=\"auto, (max-width: 192px) 100vw, 192px\" \/><\/figure><\/div>\n\n\n\n<p><strong>&#8220;El s\u00edndrome de Eva&#8221;<\/strong><\/p>\n\n\n\n<p>La mujer &#8220;proviene&#8221; de una costilla perdida de Ad\u00e1n, o por lo menos as\u00ed nos lo han contado. En definitiva, primero \u00e9l, luego ella, una especie de ciudadano de segunda clase. Este hecho, entre otros, con el tiempo se convierte en un lastre que persigue a la mujer y constituye una verdadera agresi\u00f3n a su autoestima. Es el denominado s\u00edndrome de Eva.<br>&nbsp; &#8220;No lo puedo hacer mejor&#8221;, &#8220;Siempre fracasar\u00e9&#8221;, &#8220;La verdad es que me quiere, pero no s\u00e9 por qu\u00e9 me trata tan mal&#8221;, &#8220;Hija, d\u00e9jame que t\u00fa no sabes&#8221;, &#8220;No merezco este trato&#8221;, &#8220;Todo lo haces mal&#8221;, &#8220;Qu\u00e9 har\u00e9 sin \u00e9l, si dependo de \u00e9l&#8230;&#8221;&#8230;<br>&nbsp; La autoestima es el verdadero arma que encumbra o arrastra al fracaso, as\u00ed como el cimiento para una vida feliz. Por ello, hemos de esforzarnos por mantener los niveles aptos de conocimiento, concepto y confianza en nosotros mismos.<br>&nbsp; Jos\u00e9 Miguel Gaona, reconocido psiquiatra, ofrece en este libro las claves para triunfar en todos los \u00e1mbitos del d\u00eda a d\u00eda \u2013la sumisi\u00f3n en la pareja, la dependencia de los hijos, el malestar en el trabajo y salud\u2013 y las pautas para mantener una aceptable calidad de vida sin que se modifique nuestra autoestima.<br>&nbsp; \u2014Pensar de forma positiva y conseguir plena autonom\u00eda.<br>&nbsp; \u2014Tener \u00e9xito, a pesar de los fracasos.<br>&nbsp; \u2014Evitar las conductas negativas y saber transmitir las positivas.<br>&nbsp; \u2014Aprender de los errores propios y ajenos.<br>&nbsp; \u2014Saber que ser perfeccionistas no implica llegar al 10 en todas las facetas.<br>&nbsp; \u2014Aceptar y saber convivir con los problemas.<br>&nbsp; \u2014Poder amar para ser amados, sin recurrir al chantaje emocional.<br>&nbsp; \u2014Vencer la falta de seguridad.<br>&nbsp; En definitiva, el m\u00e9todo eficaz para aprender de s\u00ed misma, a quererse y considerarse. Una buena manera de evolucionar.<\/p>\n\n\n\n<p>Publicado por La Esfera de los libros. <\/p>\n\n\n\n<p>Se puede adquirir <strong><a href=\"https:\/\/www.casadellibro.com\/libro-el-sindrome-de-eva-manual-practico-para-mejorar-la-autoestima\/9788497340168\/796207\" data-type=\"URL\" data-id=\"https:\/\/www.casadellibro.com\/libro-el-sindrome-de-eva-manual-practico-para-mejorar-la-autoestima\/9788497340168\/796207\" target=\"_blank\" rel=\"noreferrer noopener\">aqu\u00ed<\/a><\/strong><\/p>\n","protected":false},"excerpt":{"rendered":"<p>&#8220;Furor Domini&#8221; &#8220;En una \u00e9poca muy pr\u00f3xima, en la que Europa se ha desintegrado, la ONU est\u00e1 casi desaparecida, las votaciones electr\u00f3nicas son ama\u00f1adas y la muerte se puede evitar para las clases pudientes, fallece en Estambul y de manera totalmente imprevista, en plena calle, un hombre de veintitr\u00e9s a\u00f1os cubierto de manchas azules en todo el cuerpo. Poco a poco esa extra\u00f1a enfermedad, sin determinar ni conocer su origen<\/p>\n<div class=\"read-more\"><a class=\"btn read-more-btn\" href=\"https:\/\/josemiguelgaona.com\/index.php\/publicaciones-interesantes\/\">Read More<\/a><\/div>\n","protected":false},"author":1,"featured_media":0,"parent":0,"menu_order":0,"comment_status":"closed","ping_status":"closed","template":"","meta":{"footnotes":""},"class_list":["post-94","page","type-page","status-publish","hentry"],"_links":{"self":[{"href":"https:\/\/josemiguelgaona.com\/index.php\/wp-json\/wp\/v2\/pages\/94","targetHints":{"allow":["GET"]}}],"collection":[{"href":"https:\/\/josemiguelgaona.com\/index.php\/wp-json\/wp\/v2\/pages"}],"about":[{"href":"https:\/\/josemiguelgaona.com\/index.php\/wp-json\/wp\/v2\/types\/page"}],"author":[{"embeddable":true,"href":"https:\/\/josemiguelgaona.com\/index.php\/wp-json\/wp\/v2\/users\/1"}],"replies":[{"embeddable":true,"href":"https:\/\/josemiguelgaona.com\/index.php\/wp-json\/wp\/v2\/comments?post=94"}],"version-history":[{"count":25,"href":"https:\/\/josemiguelgaona.com\/index.php\/wp-json\/wp\/v2\/pages\/94\/revisions"}],"predecessor-version":[{"id":312,"href":"https:\/\/josemiguelgaona.com\/index.php\/wp-json\/wp\/v2\/pages\/94\/revisions\/312"}],"wp:attachment":[{"href":"https:\/\/josemiguelgaona.com\/index.php\/wp-json\/wp\/v2\/media?parent=94"}],"curies":[{"name":"wp","href":"https:\/\/api.w.org\/{rel}","templated":true}]}}