{"id":64,"date":"2019-08-02T18:20:46","date_gmt":"2019-08-02T16:20:46","guid":{"rendered":"http:\/\/josemiguelgaona.com\/?page_id=64"},"modified":"2019-08-02T18:59:31","modified_gmt":"2019-08-02T16:59:31","slug":"contacto","status":"publish","type":"page","link":"https:\/\/josemiguelgaona.com\/index.php\/contacto\/","title":{"rendered":"Contacto"},"content":{"rendered":"\n<p>Si es de \u00edndole profesional la mejor manera es contactando con nuestra sede mediante el siguiente n\u00famero: 915639828 (Desde fuera de Espa\u00f1a: +34 915639828) que se encuentra situada en la Plaza de la Independencia 10, 1\u00ba . 28001 Madrid (en la misma Puerta de Alcal\u00e1)<\/p>\n\n\n\n<p>Si deseas dejar alg\u00fan comentario puedes hacerlo en la p\u00e1gina principal de esta web en &#8220;Comentarios&#8221;<\/p>\n","protected":false},"excerpt":{"rendered":"<p>Si es de \u00edndole profesional la mejor manera es contactando con nuestra sede mediante el siguiente n\u00famero: 915639828 (Desde fuera de Espa\u00f1a: +34 915639828) que se encuentra situada en la Plaza de la Independencia 10, 1\u00ba . 28001 Madrid (en la misma Puerta de Alcal\u00e1) Si deseas dejar alg\u00fan comentario puedes hacerlo en la p\u00e1gina principal de esta web en &#8220;Comentarios&#8221;<\/p>\n","protected":false},"author":1,"featured_media":0,"parent":0,"menu_order":0,"comment_status":"closed","ping_status":"closed","template":"","meta":{"footnotes":""},"class_list":["post-64","page","type-page","status-publish","hentry"],"_links":{"self":[{"href":"https:\/\/josemiguelgaona.com\/index.php\/wp-json\/wp\/v2\/pages\/64","targetHints":{"allow":["GET"]}}],"collection":[{"href":"https:\/\/josemiguelgaona.com\/index.php\/wp-json\/wp\/v2\/pages"}],"about":[{"href":"https:\/\/josemiguelgaona.com\/index.php\/wp-json\/wp\/v2\/types\/page"}],"author":[{"embeddable":true,"href":"https:\/\/josemiguelgaona.com\/index.php\/wp-json\/wp\/v2\/users\/1"}],"replies":[{"embeddable":true,"href":"https:\/\/josemiguelgaona.com\/index.php\/wp-json\/wp\/v2\/comments?post=64"}],"version-history":[{"count":2,"href":"https:\/\/josemiguelgaona.com\/index.php\/wp-json\/wp\/v2\/pages\/64\/revisions"}],"predecessor-version":[{"id":77,"href":"https:\/\/josemiguelgaona.com\/index.php\/wp-json\/wp\/v2\/pages\/64\/revisions\/77"}],"wp:attachment":[{"href":"https:\/\/josemiguelgaona.com\/index.php\/wp-json\/wp\/v2\/media?parent=64"}],"curies":[{"name":"wp","href":"https:\/\/api.w.org\/{rel}","templated":true}]}}