{"id":127,"date":"2020-11-07T21:53:15","date_gmt":"2020-11-07T20:53:15","guid":{"rendered":"http:\/\/josemiguelgaona.com\/?page_id=127"},"modified":"2026-04-05T12:03:25","modified_gmt":"2026-04-05T10:03:25","slug":"album-de-fotos","status":"publish","type":"page","link":"https:\/\/josemiguelgaona.com\/index.php\/album-de-fotos\/","title":{"rendered":"Album de fotos"},"content":{"rendered":"\n<p><\/p>\n\n\n\n<p>En esta p\u00e1gina ir\u00e9 a\u00f1adiendo fotograf\u00edas a cierto ritmo de reuniones y\/o acontecimientos que tengan que ver mayormente con mi vida profesional.<\/p>\n\n\n<div class=\"wp-block-image is-resized\">\n<figure class=\"aligncenter size-large\"><img loading=\"lazy\" decoding=\"async\" width=\"1024\" height=\"576\" src=\"http:\/\/josemiguelgaona.com\/wp-content\/uploads\/2020\/11\/P1070952-2-1024x576.jpg\" alt=\"\" class=\"wp-image-169\" srcset=\"https:\/\/josemiguelgaona.com\/wp-content\/uploads\/2020\/11\/P1070952-2-1024x576.jpg 1024w, https:\/\/josemiguelgaona.com\/wp-content\/uploads\/2020\/11\/P1070952-2-300x169.jpg 300w, https:\/\/josemiguelgaona.com\/wp-content\/uploads\/2020\/11\/P1070952-2-768x432.jpg 768w, https:\/\/josemiguelgaona.com\/wp-content\/uploads\/2020\/11\/P1070952-2-1536x864.jpg 1536w, https:\/\/josemiguelgaona.com\/wp-content\/uploads\/2020\/11\/P1070952-2-2048x1152.jpg 2048w\" sizes=\"auto, (max-width: 1024px) 100vw, 1024px\" \/><figcaption class=\"wp-element-caption\">Dando clase sobre tema consciencia como &#8220;Visiting Professor&#8221; en m\u00fatiples estancias en el Programa de Neurociencias de la Conducta en la Universidad Laurenciana de Sudbury, Ontario (Canad\u00e1). Prof. Michael Persinger a la derecha adem\u00e1s de mis compa\u00f1eros Joey Caswell y Lucas Tessaro.<\/figcaption><\/figure><\/div>\n\n\n<p class=\"has-drop-cap\"><\/p>\n\n\n<div class=\"wp-block-image\">\n<figure class=\"aligncenter size-medium is-resized\"><img loading=\"lazy\" decoding=\"async\" width=\"300\" height=\"225\" src=\"http:\/\/josemiguelgaona.com\/wp-content\/uploads\/2020\/11\/IMG_20190305_234942-300x225.jpg\" alt=\"\" class=\"wp-image-150\" style=\"width:585px;height:439px\" srcset=\"https:\/\/josemiguelgaona.com\/wp-content\/uploads\/2020\/11\/IMG_20190305_234942-300x225.jpg 300w, https:\/\/josemiguelgaona.com\/wp-content\/uploads\/2020\/11\/IMG_20190305_234942-1024x768.jpg 1024w, https:\/\/josemiguelgaona.com\/wp-content\/uploads\/2020\/11\/IMG_20190305_234942-768x576.jpg 768w, https:\/\/josemiguelgaona.com\/wp-content\/uploads\/2020\/11\/IMG_20190305_234942-1536x1152.jpg 1536w, https:\/\/josemiguelgaona.com\/wp-content\/uploads\/2020\/11\/IMG_20190305_234942-2048x1536.jpg 2048w\" sizes=\"auto, (max-width: 300px) 100vw, 300px\" \/><figcaption class=\"wp-element-caption\">Con mi compa\u00f1ero El Prof. Peter Fried en el Berenson Allen Hospital de la Universidad de Harvard (Boston. USA) probando en primera persona una bobina de estimulaci\u00f3n magn\u00e9tica transcraneal momentos antes de recibir el impulso.<\/figcaption><\/figure><\/div>\n\n<div class=\"wp-block-image\">\n<figure class=\"aligncenter size-full is-resized\"><img loading=\"lazy\" decoding=\"async\" width=\"1024\" height=\"768\" src=\"https:\/\/josemiguelgaona.com\/wp-content\/uploads\/2025\/11\/kaku.jpg\" alt=\"\" class=\"wp-image-319\" style=\"width:601px;height:auto\" srcset=\"https:\/\/josemiguelgaona.com\/wp-content\/uploads\/2025\/11\/kaku.jpg 1024w, https:\/\/josemiguelgaona.com\/wp-content\/uploads\/2025\/11\/kaku-300x225.jpg 300w, https:\/\/josemiguelgaona.com\/wp-content\/uploads\/2025\/11\/kaku-768x576.jpg 768w\" sizes=\"auto, (max-width: 1024px) 100vw, 1024px\" \/><figcaption class=\"wp-element-caption\">Departiendo una conversaci\u00f3n con el f\u00edsico Michiu Kaku en Nueva York, profesor de f\u00edsica te\u00f3rica del City College of New York and the CUNY Graduate Center.<\/figcaption><\/figure><\/div>\n\n\n<p class=\"has-text-align-center\"><\/p>\n\n\n<div class=\"wp-block-image\">\n<figure class=\"aligncenter size-medium is-resized\"><img loading=\"lazy\" decoding=\"async\" width=\"300\" height=\"225\" src=\"http:\/\/josemiguelgaona.com\/wp-content\/uploads\/2020\/11\/IMG_20190312_112032_1-2-300x225.jpg\" alt=\"\" class=\"wp-image-141\" style=\"width:581px;height:436px\" srcset=\"https:\/\/josemiguelgaona.com\/wp-content\/uploads\/2020\/11\/IMG_20190312_112032_1-2-300x225.jpg 300w, https:\/\/josemiguelgaona.com\/wp-content\/uploads\/2020\/11\/IMG_20190312_112032_1-2-1024x768.jpg 1024w, https:\/\/josemiguelgaona.com\/wp-content\/uploads\/2020\/11\/IMG_20190312_112032_1-2-768x576.jpg 768w, https:\/\/josemiguelgaona.com\/wp-content\/uploads\/2020\/11\/IMG_20190312_112032_1-2-1536x1152.jpg 1536w, https:\/\/josemiguelgaona.com\/wp-content\/uploads\/2020\/11\/IMG_20190312_112032_1-2-2048x1536.jpg 2048w\" sizes=\"auto, (max-width: 300px) 100vw, 300px\" \/><figcaption class=\"wp-element-caption\">Con Avi Loeb, Catedr\u00e1tico del Instituto de Astronom\u00eda de la Universidad de Harvard en el &#8220;Gran Telescopio&#8221; del departamento, \u00fanico en su d\u00eda. Fundamentalmente estuvimos hablando sobre el objeto interestelar &#8220;Oumuamua&#8221;. Adem\u00e1s nos estuvo ense\u00f1ando el funcionamiento de su interesant\u00edsimo departamento y proyectos en curso.<\/figcaption><\/figure><\/div>\n\n<div class=\"wp-block-image is-style-default\">\n<figure class=\"aligncenter size-medium is-resized\"><img loading=\"lazy\" decoding=\"async\" width=\"300\" height=\"205\" src=\"http:\/\/josemiguelgaona.com\/wp-content\/uploads\/2020\/11\/Untitled-2b-300x205.jpg\" alt=\"Entrevistando e intercambiando ideas (seguramente muchas m\u00e1s en el sentido de \u00e9l hacia m\u00ed) :-) con el fil\u00f3sofo David Chalmers de la NYU. Nueva York. USA\" class=\"wp-image-128\" style=\"width:575px;height:393px\" srcset=\"https:\/\/josemiguelgaona.com\/wp-content\/uploads\/2020\/11\/Untitled-2b-300x205.jpg 300w, https:\/\/josemiguelgaona.com\/wp-content\/uploads\/2020\/11\/Untitled-2b-1024x701.jpg 1024w, https:\/\/josemiguelgaona.com\/wp-content\/uploads\/2020\/11\/Untitled-2b-768x526.jpg 768w, https:\/\/josemiguelgaona.com\/wp-content\/uploads\/2020\/11\/Untitled-2b-1536x1052.jpg 1536w, https:\/\/josemiguelgaona.com\/wp-content\/uploads\/2020\/11\/Untitled-2b-2048x1402.jpg 2048w\" sizes=\"auto, (max-width: 300px) 100vw, 300px\" \/><figcaption class=\"wp-element-caption\">Entrevistando e intercambiando ideas sobre la consciencia (seguramente muchas m\u00e1s en el sentido de \u00e9l hacia m\u00ed) \ud83d\ude09 con el fil\u00f3sofo David Chalmers de la NYU. Nueva York. USA<\/figcaption><\/figure><\/div>\n\n<div class=\"wp-block-image\">\n<figure class=\"aligncenter size-medium is-resized\"><img loading=\"lazy\" decoding=\"async\" width=\"300\" height=\"178\" src=\"http:\/\/josemiguelgaona.com\/wp-content\/uploads\/2020\/11\/PF-300x178.jpg\" alt=\"\" class=\"wp-image-159\" style=\"width:575px;height:341px\" srcset=\"https:\/\/josemiguelgaona.com\/wp-content\/uploads\/2020\/11\/PF-300x178.jpg 300w, https:\/\/josemiguelgaona.com\/wp-content\/uploads\/2020\/11\/PF-1024x609.jpg 1024w, https:\/\/josemiguelgaona.com\/wp-content\/uploads\/2020\/11\/PF-768x457.jpg 768w, https:\/\/josemiguelgaona.com\/wp-content\/uploads\/2020\/11\/PF-1536x913.jpg 1536w, https:\/\/josemiguelgaona.com\/wp-content\/uploads\/2020\/11\/PF-2048x1217.jpg 2048w\" sizes=\"auto, (max-width: 300px) 100vw, 300px\" \/><figcaption class=\"wp-element-caption\">Prof. Peter Fenwick con quien adapt\u00e9 y traduje para los lectores hispanohablantes la &#8220;Gu\u00eda para el final de la vida&#8221; que se puede encontrar gratuitamente para descargar <a rel=\"noreferrer noopener\" href=\"http:\/\/josemiguelgaona.com\/index.php\/descargas\/\" data-type=\"URL\" data-id=\"http:\/\/josemiguelgaona.com\/index.php\/descargas\/\" target=\"_blank\"><strong>aqu\u00ed<\/strong><\/a><\/figcaption><\/figure><\/div>\n\n<div class=\"wp-block-image\">\n<figure class=\"aligncenter size-medium is-resized\"><img loading=\"lazy\" decoding=\"async\" width=\"300\" height=\"215\" src=\"http:\/\/josemiguelgaona.com\/wp-content\/uploads\/2020\/11\/san_parnia-300x215.jpg\" alt=\"\" class=\"wp-image-172\" style=\"width:579px;height:415px\" srcset=\"https:\/\/josemiguelgaona.com\/wp-content\/uploads\/2020\/11\/san_parnia-300x215.jpg 300w, https:\/\/josemiguelgaona.com\/wp-content\/uploads\/2020\/11\/san_parnia-1024x735.jpg 1024w, https:\/\/josemiguelgaona.com\/wp-content\/uploads\/2020\/11\/san_parnia-768x552.jpg 768w, https:\/\/josemiguelgaona.com\/wp-content\/uploads\/2020\/11\/san_parnia-1536x1103.jpg 1536w, https:\/\/josemiguelgaona.com\/wp-content\/uploads\/2020\/11\/san_parnia-2048x1471.jpg 2048w\" sizes=\"auto, (max-width: 300px) 100vw, 300px\" \/><figcaption class=\"wp-element-caption\">Con el Dr. Sam Parnia director del Proyecto AWARE (ECM y OBE) en el Stony Brook Hospital (Nueva York. USA)<\/figcaption><\/figure><\/div>\n\n<div class=\"wp-block-image\">\n<figure class=\"aligncenter size-medium is-resized\"><img loading=\"lazy\" decoding=\"async\" width=\"300\" height=\"169\" src=\"http:\/\/josemiguelgaona.com\/wp-content\/uploads\/2020\/11\/P1070999-300x169.jpg\" alt=\"\" class=\"wp-image-175\" style=\"width:577px;height:325px\" srcset=\"https:\/\/josemiguelgaona.com\/wp-content\/uploads\/2020\/11\/P1070999-300x169.jpg 300w, https:\/\/josemiguelgaona.com\/wp-content\/uploads\/2020\/11\/P1070999-1024x576.jpg 1024w, https:\/\/josemiguelgaona.com\/wp-content\/uploads\/2020\/11\/P1070999-768x432.jpg 768w, https:\/\/josemiguelgaona.com\/wp-content\/uploads\/2020\/11\/P1070999-1536x864.jpg 1536w, https:\/\/josemiguelgaona.com\/wp-content\/uploads\/2020\/11\/P1070999-2048x1152.jpg 2048w\" sizes=\"auto, (max-width: 300px) 100vw, 300px\" \/><figcaption class=\"wp-element-caption\">Dando una conferencia sobre experiencias cercanas a la muerte en el Hotel Hyatt en Montreal (Canad\u00e1). Casi se me saltan las l\u00e1grimas al observar que entre el p\u00fablico se encontraba el Dr. Raymond Moody que tomaba notas sobre la misma. Todo un icono internacional de la \u00e9poca en la que yo todav\u00eda era un simple estudiante de medicina.<\/figcaption><\/figure><\/div>\n\n<div class=\"wp-block-image\">\n<figure class=\"aligncenter size-medium is-resized\"><img loading=\"lazy\" decoding=\"async\" width=\"300\" height=\"225\" src=\"http:\/\/josemiguelgaona.com\/wp-content\/uploads\/2020\/11\/IMG_20160604_125859-300x225.jpg\" alt=\"\" class=\"wp-image-178\" style=\"width:572px;height:429px\" srcset=\"https:\/\/josemiguelgaona.com\/wp-content\/uploads\/2020\/11\/IMG_20160604_125859-300x225.jpg 300w, https:\/\/josemiguelgaona.com\/wp-content\/uploads\/2020\/11\/IMG_20160604_125859-1024x768.jpg 1024w, https:\/\/josemiguelgaona.com\/wp-content\/uploads\/2020\/11\/IMG_20160604_125859-768x576.jpg 768w, https:\/\/josemiguelgaona.com\/wp-content\/uploads\/2020\/11\/IMG_20160604_125859-1536x1152.jpg 1536w, https:\/\/josemiguelgaona.com\/wp-content\/uploads\/2020\/11\/IMG_20160604_125859-2048x1536.jpg 2048w\" sizes=\"auto, (max-width: 300px) 100vw, 300px\" \/><figcaption class=\"wp-element-caption\">Con mi querido amigo Javier Sierra mostrando uno de mis libros &#8220;El l\u00edmite&#8221;. Javier es escritor y ganador de m\u00faltiples premios literarios, entre ellos el mayor galard\u00f3n de la literatura hispana: el Premio Planeta.<\/figcaption><\/figure><\/div>\n\n<div class=\"wp-block-image is-style-default\">\n<figure class=\"aligncenter size-large is-resized\"><img loading=\"lazy\" decoding=\"async\" width=\"1024\" height=\"768\" src=\"http:\/\/josemiguelgaona.com\/wp-content\/uploads\/2020\/12\/IMG_20190107_123527-1024x768.jpg\" alt=\"\" class=\"wp-image-226\" style=\"width:577px;height:432px\" srcset=\"https:\/\/josemiguelgaona.com\/wp-content\/uploads\/2020\/12\/IMG_20190107_123527-1024x768.jpg 1024w, https:\/\/josemiguelgaona.com\/wp-content\/uploads\/2020\/12\/IMG_20190107_123527-300x225.jpg 300w, https:\/\/josemiguelgaona.com\/wp-content\/uploads\/2020\/12\/IMG_20190107_123527-768x576.jpg 768w, https:\/\/josemiguelgaona.com\/wp-content\/uploads\/2020\/12\/IMG_20190107_123527-1536x1152.jpg 1536w, https:\/\/josemiguelgaona.com\/wp-content\/uploads\/2020\/12\/IMG_20190107_123527-2048x1536.jpg 2048w\" sizes=\"auto, (max-width: 1024px) 100vw, 1024px\" \/><figcaption class=\"wp-element-caption\">Junto al Dr. Glen Brooks pionero a nivel mundial de la utilizaci\u00f3n de Ketamina en pacientes depresivos. Director del <a href=\"https:\/\/nyketamine.com\/\" data-type=\"URL\" data-id=\"https:\/\/nyketamine.com\/\"><strong>NY Ketamine Infusions<\/strong><\/a> en Nueva York y otros lugares en USA.<\/figcaption><\/figure><\/div>\n\n<div class=\"wp-block-image\">\n<figure class=\"aligncenter size-large is-resized\"><img loading=\"lazy\" decoding=\"async\" width=\"1024\" height=\"786\" src=\"http:\/\/josemiguelgaona.com\/wp-content\/uploads\/2020\/12\/Untitled-1-1024x786.jpg\" alt=\"\" class=\"wp-image-229\" style=\"width:575px;height:441px\" srcset=\"https:\/\/josemiguelgaona.com\/wp-content\/uploads\/2020\/12\/Untitled-1-1024x786.jpg 1024w, https:\/\/josemiguelgaona.com\/wp-content\/uploads\/2020\/12\/Untitled-1-300x230.jpg 300w, https:\/\/josemiguelgaona.com\/wp-content\/uploads\/2020\/12\/Untitled-1-768x590.jpg 768w, https:\/\/josemiguelgaona.com\/wp-content\/uploads\/2020\/12\/Untitled-1-1536x1180.jpg 1536w, https:\/\/josemiguelgaona.com\/wp-content\/uploads\/2020\/12\/Untitled-1-2048x1573.jpg 2048w\" sizes=\"auto, (max-width: 1024px) 100vw, 1024px\" \/><figcaption class=\"wp-element-caption\">Conversando con Iroshi Ishiguro (Director del Laboratorio de Rob\u00f3tica Inteligente. Universidad Osaka) respecto a la utilizaci\u00f3n de avatares (sostiene uno peque\u00f1o en sus manos) en proyectos de rob\u00f3tica traslado de consciencias.<\/figcaption><\/figure><\/div>\n\n<div class=\"wp-block-image is-resized\">\n<figure class=\"aligncenter size-large\"><img loading=\"lazy\" decoding=\"async\" width=\"1024\" height=\"942\" src=\"http:\/\/josemiguelgaona.com\/wp-content\/uploads\/2020\/12\/Untitled-2-1024x942.jpg\" alt=\"\" class=\"wp-image-231\" style=\"width:544px;height:auto\" srcset=\"https:\/\/josemiguelgaona.com\/wp-content\/uploads\/2020\/12\/Untitled-2-1024x942.jpg 1024w, https:\/\/josemiguelgaona.com\/wp-content\/uploads\/2020\/12\/Untitled-2-300x276.jpg 300w, https:\/\/josemiguelgaona.com\/wp-content\/uploads\/2020\/12\/Untitled-2-768x706.jpg 768w, https:\/\/josemiguelgaona.com\/wp-content\/uploads\/2020\/12\/Untitled-2-1536x1412.jpg 1536w, https:\/\/josemiguelgaona.com\/wp-content\/uploads\/2020\/12\/Untitled-2-2048x1883.jpg 2048w\" sizes=\"auto, (max-width: 1024px) 100vw, 1024px\" \/><figcaption class=\"wp-element-caption\">Stuart Hameroff, profesor anestesia Universidad de Arizona. Creador teor\u00eda microt\u00fabulos y consciencia junto a Sir Roger Penrose (Premio Nobel f\u00edsica). Nueva York.<\/figcaption><\/figure><\/div>\n\n<div class=\"wp-block-image is-resized\">\n<figure class=\"aligncenter size-large\"><img loading=\"lazy\" decoding=\"async\" width=\"1024\" height=\"1016\" src=\"https:\/\/josemiguelgaona.com\/wp-content\/uploads\/2026\/04\/8-Amorth2-1024x1016.png\" alt=\"\" class=\"wp-image-330\" style=\"width:512px;height:auto\" srcset=\"https:\/\/josemiguelgaona.com\/wp-content\/uploads\/2026\/04\/8-Amorth2-1024x1016.png 1024w, https:\/\/josemiguelgaona.com\/wp-content\/uploads\/2026\/04\/8-Amorth2-300x298.png 300w, https:\/\/josemiguelgaona.com\/wp-content\/uploads\/2026\/04\/8-Amorth2-150x150.png 150w, https:\/\/josemiguelgaona.com\/wp-content\/uploads\/2026\/04\/8-Amorth2-768x762.png 768w, https:\/\/josemiguelgaona.com\/wp-content\/uploads\/2026\/04\/8-Amorth2.png 1116w\" sizes=\"auto, (max-width: 1024px) 100vw, 1024px\" \/><figcaption class=\"wp-element-caption\">Padre Gabriele Amorth, exorcista autorizado por el Vaticano. En Roma, cursos en que fui excepcionalmente autorizado como m\u00e9dico para realizar los aprendizajes propios de sacerdotes exorcistas (No, no soy sacerdote y obviamente no puedo practicarlo pero los conocimientos adquiridos sobre el tema me han sido \u00fanicos en muchos sentidos). Adem\u00e1s, convivir con ellos en la misma residencia compartiendo sus experiencias por todo el mundo no tiene precio.<\/figcaption><\/figure><\/div>\n\n\n<p><\/p>\n\n\n<div class=\"wp-block-image\">\n<figure class=\"aligncenter size-large is-resized\"><img loading=\"lazy\" decoding=\"async\" width=\"1024\" height=\"576\" src=\"http:\/\/josemiguelgaona.com\/wp-content\/uploads\/2020\/12\/Stanislav-Grof-1024x576.jpg\" alt=\"\" class=\"wp-image-232\" style=\"width:575px;height:323px\" srcset=\"https:\/\/josemiguelgaona.com\/wp-content\/uploads\/2020\/12\/Stanislav-Grof-1024x576.jpg 1024w, https:\/\/josemiguelgaona.com\/wp-content\/uploads\/2020\/12\/Stanislav-Grof-300x169.jpg 300w, https:\/\/josemiguelgaona.com\/wp-content\/uploads\/2020\/12\/Stanislav-Grof-768x432.jpg 768w, https:\/\/josemiguelgaona.com\/wp-content\/uploads\/2020\/12\/Stanislav-Grof-1536x864.jpg 1536w, https:\/\/josemiguelgaona.com\/wp-content\/uploads\/2020\/12\/Stanislav-Grof-2048x1152.jpg 2048w\" sizes=\"auto, (max-width: 1024px) 100vw, 1024px\" \/><figcaption class=\"wp-element-caption\">Stanislav Grof es uno de los fundadores de la psicolog\u00eda transpersonal e investigador pionero en el uso de los estados alterados de la consciencia. Se le ha denominado &#8220;heredero de Jung&#8221;. California. USA.<\/figcaption><\/figure><\/div>\n\n<div class=\"wp-block-image is-style-default\">\n<figure class=\"aligncenter size-large is-resized\"><img loading=\"lazy\" decoding=\"async\" width=\"1024\" height=\"819\" src=\"http:\/\/josemiguelgaona.com\/wp-content\/uploads\/2020\/12\/IM009848_b-1-1024x819.jpg\" alt=\"\" class=\"wp-image-262\" style=\"width:574px;height:459px\" srcset=\"https:\/\/josemiguelgaona.com\/wp-content\/uploads\/2020\/12\/IM009848_b-1-1024x819.jpg 1024w, https:\/\/josemiguelgaona.com\/wp-content\/uploads\/2020\/12\/IM009848_b-1-300x240.jpg 300w, https:\/\/josemiguelgaona.com\/wp-content\/uploads\/2020\/12\/IM009848_b-1-768x614.jpg 768w, https:\/\/josemiguelgaona.com\/wp-content\/uploads\/2020\/12\/IM009848_b-1-1536x1229.jpg 1536w, https:\/\/josemiguelgaona.com\/wp-content\/uploads\/2020\/12\/IM009848_b-1.jpg 1600w\" sizes=\"auto, (max-width: 1024px) 100vw, 1024px\" \/><figcaption class=\"wp-element-caption\">Prof. Robert Ressler. Ex-agente del FBI. Perfilador criminal. Acu\u00f1\u00f3 el t\u00e9rmino &#8220;Asesino en serie&#8221; as\u00ed como su clasificaci\u00f3n. Escritor y asesor de guiones como, por ejemplo, &#8220;El silencio de los corderos&#8221;<\/figcaption><\/figure><\/div>\n\n\n<p><\/p>\n\n\n<div class=\"wp-block-image\">\n<figure class=\"aligncenter size-large is-resized\"><img loading=\"lazy\" decoding=\"async\" width=\"1024\" height=\"653\" src=\"http:\/\/josemiguelgaona.com\/wp-content\/uploads\/2020\/12\/File0038b-1024x653.jpg\" alt=\"\" class=\"wp-image-233\" style=\"width:575px;height:366px\" srcset=\"https:\/\/josemiguelgaona.com\/wp-content\/uploads\/2020\/12\/File0038b-1024x653.jpg 1024w, https:\/\/josemiguelgaona.com\/wp-content\/uploads\/2020\/12\/File0038b-300x191.jpg 300w, https:\/\/josemiguelgaona.com\/wp-content\/uploads\/2020\/12\/File0038b-768x490.jpg 768w, https:\/\/josemiguelgaona.com\/wp-content\/uploads\/2020\/12\/File0038b-1536x979.jpg 1536w, https:\/\/josemiguelgaona.com\/wp-content\/uploads\/2020\/12\/File0038b.jpg 1801w\" sizes=\"auto, (max-width: 1024px) 100vw, 1024px\" \/><figcaption class=\"wp-element-caption\">Guerra de Bosnia. M\u00e9dico en &#8220;M\u00e9dicos del mundo&#8221; bajo paraguas de ACNUR. A la derecha cartel &#8220;Pazi Sniper non stop&#8221; (Cuidado francotiradores non stop). Mostar. Bosnia<\/figcaption><\/figure><\/div>\n\n\n<p><\/p>\n\n\n<div class=\"wp-block-image\">\n<figure class=\"aligncenter size-large is-resized\"><img loading=\"lazy\" decoding=\"async\" width=\"768\" height=\"1024\" src=\"http:\/\/josemiguelgaona.com\/wp-content\/uploads\/2020\/12\/sida-768x1024.jpg\" alt=\"\" class=\"wp-image-289\" style=\"width:585px;height:780px\" srcset=\"https:\/\/josemiguelgaona.com\/wp-content\/uploads\/2020\/12\/sida-768x1024.jpg 768w, https:\/\/josemiguelgaona.com\/wp-content\/uploads\/2020\/12\/sida-225x300.jpg 225w, https:\/\/josemiguelgaona.com\/wp-content\/uploads\/2020\/12\/sida-1152x1536.jpg 1152w, https:\/\/josemiguelgaona.com\/wp-content\/uploads\/2020\/12\/sida-1536x2048.jpg 1536w, https:\/\/josemiguelgaona.com\/wp-content\/uploads\/2020\/12\/sida-scaled.jpg 1920w\" sizes=\"auto, (max-width: 768px) 100vw, 768px\" \/><figcaption class=\"wp-element-caption\">Abro en Espa\u00f1a el primer centro para diagnosticar el SIDA despu\u00e9s de llegar a un acuerdo personal respecto a las pruebas de laboratorio con el premio Nobel Luc Montagnier. Tambi\u00e9n activamos el primer tel\u00e9fono de informaci\u00f3n. En pocas semanas descubrimos, por ejemplo, que pr\u00e1cticamente el 75-90% de los heroin\u00f3manos eran positivos a la presencia de anticuerpos lo que se traduc\u00edan en miles de contagiados en una \u00e9poca en que las autoridades dec\u00edan que en nuestro pa\u00eds &#8220;no hab\u00eda casos&#8221; \u00bfOs suena? El esc\u00e1ndalo en medios de comunicaci\u00f3n fue may\u00fasculo.<\/figcaption><\/figure><\/div>\n\n<div class=\"wp-block-image\">\n<figure class=\"aligncenter size-large is-resized\"><img loading=\"lazy\" decoding=\"async\" width=\"1024\" height=\"654\" src=\"http:\/\/josemiguelgaona.com\/wp-content\/uploads\/2020\/12\/File0028c-9-1024x654.jpg\" alt=\"\" class=\"wp-image-235\" style=\"width:580px;height:370px\" srcset=\"https:\/\/josemiguelgaona.com\/wp-content\/uploads\/2020\/12\/File0028c-9-1024x654.jpg 1024w, https:\/\/josemiguelgaona.com\/wp-content\/uploads\/2020\/12\/File0028c-9-300x192.jpg 300w, https:\/\/josemiguelgaona.com\/wp-content\/uploads\/2020\/12\/File0028c-9-768x491.jpg 768w, https:\/\/josemiguelgaona.com\/wp-content\/uploads\/2020\/12\/File0028c-9-1536x981.jpg 1536w, https:\/\/josemiguelgaona.com\/wp-content\/uploads\/2020\/12\/File0028c-9.jpg 1799w\" sizes=\"auto, (max-width: 1024px) 100vw, 1024px\" \/><figcaption class=\"wp-element-caption\">Dpto. Cirug\u00eda Pedi\u00e1trica. Reci\u00e9n salido del quir\u00f3fano. Hospital Reina Sof\u00eda. C\u00f3rdoba.<\/figcaption><\/figure><\/div>","protected":false},"excerpt":{"rendered":"<p>En esta p\u00e1gina ir\u00e9 a\u00f1adiendo fotograf\u00edas a cierto ritmo de reuniones y\/o acontecimientos que tengan que ver mayormente con mi vida profesional.<\/p>\n","protected":false},"author":1,"featured_media":0,"parent":0,"menu_order":0,"comment_status":"closed","ping_status":"closed","template":"","meta":{"footnotes":""},"class_list":["post-127","page","type-page","status-publish","hentry"],"_links":{"self":[{"href":"https:\/\/josemiguelgaona.com\/index.php\/wp-json\/wp\/v2\/pages\/127","targetHints":{"allow":["GET"]}}],"collection":[{"href":"https:\/\/josemiguelgaona.com\/index.php\/wp-json\/wp\/v2\/pages"}],"about":[{"href":"https:\/\/josemiguelgaona.com\/index.php\/wp-json\/wp\/v2\/types\/page"}],"author":[{"embeddable":true,"href":"https:\/\/josemiguelgaona.com\/index.php\/wp-json\/wp\/v2\/users\/1"}],"replies":[{"embeddable":true,"href":"https:\/\/josemiguelgaona.com\/index.php\/wp-json\/wp\/v2\/comments?post=127"}],"version-history":[{"count":90,"href":"https:\/\/josemiguelgaona.com\/index.php\/wp-json\/wp\/v2\/pages\/127\/revisions"}],"predecessor-version":[{"id":338,"href":"https:\/\/josemiguelgaona.com\/index.php\/wp-json\/wp\/v2\/pages\/127\/revisions\/338"}],"wp:attachment":[{"href":"https:\/\/josemiguelgaona.com\/index.php\/wp-json\/wp\/v2\/media?parent=127"}],"curies":[{"name":"wp","href":"https:\/\/api.w.org\/{rel}","templated":true}]}}